{"id":1432,"date":"2022-04-19T09:46:52","date_gmt":"2022-04-19T09:46:52","guid":{"rendered":"https:\/\/entwicklung.camping-bankenhof.de\/?page_id=1432"},"modified":"2026-04-03T07:20:20","modified_gmt":"2026-04-03T07:20:20","slug":"reservierungsbedingungen","status":"publish","type":"page","link":"https:\/\/www.camping-bankenhof.de\/en\/reservierungsbedingungen\/","title":{"rendered":"Terms &amp; Conditions"},"content":{"rendered":"<div data-elementor-type=\"wp-page\" data-elementor-id=\"1432\" class=\"elementor elementor-1432\">\n\t\t\t\t\t\t\t\t\t<section class=\"elementor-section elementor-top-section elementor-element elementor-element-304ce338 elementor-section-full_width elementor-section-height-min-height elementor-section-stretched elementor-section-height-default elementor-section-items-middle\" data-id=\"304ce338\" data-element_type=\"section\" data-settings=\"{&quot;stretch_section&quot;:&quot;section-stretched&quot;,&quot;background_background&quot;:&quot;classic&quot;}\">\n\t\t\t\t\t\t<div class=\"elementor-container elementor-column-gap-no\">\n\t\t\t\t\t<div class=\"elementor-column elementor-col-100 elementor-top-column elementor-element elementor-element-3257730c\" data-id=\"3257730c\" data-element_type=\"column\">\n\t\t\t<div class=\"elementor-widget-wrap\">\n\t\t\t\t\t\t\t\t\t<\/div>\n\t\t<\/div>\n\t\t\t\t\t\t\t<\/div>\n\t\t<\/section>\n\t\t\t\t<section class=\"elementor-section elementor-top-section elementor-element elementor-element-5c1a8f08 elementor-section-boxed elementor-section-height-default elementor-section-height-default\" data-id=\"5c1a8f08\" data-element_type=\"section\">\n\t\t\t\t\t\t<div class=\"elementor-container elementor-column-gap-default\">\n\t\t\t\t\t<div class=\"elementor-column elementor-col-100 elementor-top-column elementor-element elementor-element-7cda2af1\" data-id=\"7cda2af1\" data-element_type=\"column\">\n\t\t\t<div class=\"elementor-widget-wrap elementor-element-populated\">\n\t\t\t\t\t\t\t\t<div class=\"elementor-element elementor-element-72cf8a5d no-margin elementor-widget elementor-widget-heading\" data-id=\"72cf8a5d\" data-element_type=\"widget\" data-widget_type=\"heading.default\">\n\t\t\t\t<div class=\"elementor-widget-container\">\n\t\t\t<style>\/*! elementor - v3.6.2 - 04-04-2022 *\/\n.elementor-heading-title{padding:0;margin:0;line-height:1}.elementor-widget-heading .elementor-heading-title[class*=elementor-size-]>a{color:inherit;font-size:inherit;line-height:inherit}.elementor-widget-heading .elementor-heading-title.elementor-size-small{font-size:15px}.elementor-widget-heading .elementor-heading-title.elementor-size-medium{font-size:19px}.elementor-widget-heading .elementor-heading-title.elementor-size-large{font-size:29px}.elementor-widget-heading .elementor-heading-title.elementor-size-xl{font-size:39px}.elementor-widget-heading .elementor-heading-title.elementor-size-xxl{font-size:59px}<\/style><h2 class=\"elementor-heading-title elementor-size-default\"><span style=\"color: #94c300;\">Terms &amp; Conditions<\/span> <\/h2>\t\t<\/div>\n\t\t\t\t<\/div>\n\t\t\t\t<div class=\"elementor-element elementor-element-577e8c38 no-margin elementor-widget elementor-widget-text-editor\" data-id=\"577e8c38\" data-element_type=\"widget\" data-widget_type=\"text-editor.default\">\n\t\t\t\t<div class=\"elementor-widget-container\">\n\t\t\t<style>\/*! elementor - v3.6.2 - 04-04-2022 *\/\n.elementor-widget-text-editor.elementor-drop-cap-view-stacked .elementor-drop-cap{background-color:#818a91;color:#fff}.elementor-widget-text-editor.elementor-drop-cap-view-framed .elementor-drop-cap{color:#818a91;border:3px solid;background-color:transparent}.elementor-widget-text-editor:not(.elementor-drop-cap-view-default) .elementor-drop-cap{margin-top:8px}.elementor-widget-text-editor:not(.elementor-drop-cap-view-default) .elementor-drop-cap-letter{width:1em;height:1em}.elementor-widget-text-editor .elementor-drop-cap{float:left;text-align:center;line-height:1;font-size:50px}.elementor-widget-text-editor .elementor-drop-cap-letter{display:inline-block}<\/style>\t\t\t\t<h2>TERMS &amp; CONDITIONS FOR PITCHES<\/h2><p><strong>Booking<\/strong><br \/>The minimum booking is 2 nights. <br \/>3 nights at Easter, Pfingsten and Fronleichnam. <br \/>5 nights in our summer season and Christmas until 07.01.<br \/>Reservations are possible only in writing. Reservations confirmed by the space management are binding for both parties and valid for the booked period. We reserve the right to change assigned place numbers and to refuse reservations without reason. Requests for specific places will always be considered if possible<br \/>considered. In the months of November to March the reservation of certain place numbers is possible, but can be changed at any time due to snow.<\/p><p><strong>Cancellation\/Early Departure<br \/><\/strong>Cancellation must be made in writing. <br \/>If the fee has been full paid in the booking portal, a processing fee of 25 euro will be retained or deducted from the total amount.<br \/>If the booking is cancelled within 21 days before the start of the trip, 60% of the total cost of the booked stay will be charged, regardless of whether the place can be rented out immediately.<br \/>If the booking is canceled within 3 days before the start of the trip or not started at all, 90% of the total cost of the booked stay will be charged, regardless of whether the place can be rented out immediately.<\/p><p>In case of early departure there is no refund of the booked stay. (Only deduction of the tourist tax). <br \/>We recommend that you take out travel cancellation insurance.<\/p><p><strong>Deposits Book online<\/strong><br \/>The deposit of 25 euros when booking online will not be refunded even in case of cancellation or no-show!<\/p><p><strong>Arrival and Departure<\/strong><br \/>On the day of arrival, the stand\/tent site will be available to you from 3 pm. We ask for your arrival during our opening hours.<br \/>If you have selected a pitch via our booking portal, you will receive the information for the arrival also outside our opening hours. The pitch must be left clean and tidy by 12 noon on the day of departure.<\/p><p><strong>Place order<\/strong><br \/>The unhinged court order is part of the booking conditions and is recognized without restriction.<\/p><p><strong>Liability<\/strong><br \/>We are not liable for damages caused by third parties and for damages caused by the failure or disruption of the water, electricity or gas supply.<\/p><p><strong>Others<br \/><\/strong>We cannot admit minors under the age of 18 without a parent or guardian present, even with written permission from the parent or guardian. We reserve the right to refuse admission or to ask guests to leave without providing a reason. We reserve the right to update, change, or add to the sessions or seat numbers. Certain areas of the campground are monitored by security cameras or can be viewed online via our webcam. The use of diesel-fueled heaters is not permitted on the campsites.<\/p><p>Price changes possible and without guarantee.<\/p><h2>TERMS &amp; CONDITIONS FOR RENTAL ACCOMMODATION<\/h2><p><strong>Booking<\/strong><br \/>Reservations are only possible in writing. Confirmed reservations are valid and binding on both parties for the period booked.<br \/>Apartment: Minimum stay 4 nights in the winter, spring and autumn season. 6 nights over the summer season and Christmas and New Year's Eve.<br \/>Rental caravans: Minimum stay 3 nights in the winter, spring and autumn season. 5 nights over the summer season and Christmas and New Year's Eve.<br \/>Ferienh\u00fctte: 1 \u00dcbernachtung ganzj\u00e4hrig.<\/p><p><strong>Cancellation\/Early Departure<br \/><\/strong>Cancellation must be made in writing. <br \/>If the fee has been full paid in the booking portal, a processing fee of 25 euro will be retained or deducted from the total amount.<br \/>If a booking is cancelled within 21 days before the date of arrival or if the stay is not started, 60% of the total cost will be charged.<br \/>If the booking is canceled within 3 days before departure or not started at all, 90% of the total cost will be charged.<\/p><p>In case of early departure there is no refund of the booked stay. (Only deduction of the tourist tax).<\/p><p>We recommend that you take out travel cancellation insurance.<\/p><p><strong>Deposits Book online<\/strong><br \/>The deposit of 25 euros when booking online will not be refunded even in case of cancellation or no-show!<\/p><p><strong>Cancellation by the owner<\/strong><br \/>We reserve the right to change rental units or to refuse confirmed rental units without reason or to cancel them at short notice. If the rental unit is not available due to unforeseeable force majeure, we can withdraw from the contract. We undertake to inform the guest immediately.<\/p><p><strong>Liability<\/strong><br \/>We are not liable for damages caused by third parties and for damages caused by the failure or disruption of the water, electricity or gas supply.<\/p><p><strong>Arrival and Departure<\/strong><br \/>The rental property is available on the day of arrival from 3 pm. An arrival is possible until 6 pm. On the day of departure, please hand over the rental property clean and swept again by 10 am. The chemical toilet and the waste water tank in the rented caravan must be emptied. Please note the checklist for departure.<\/p><p><strong>Pets<\/strong><br \/>In the rental no pets are generally prohibited. <label><\/label><\/p><p><strong>Smoking<\/strong><br \/>Smoking is prohibited in all rental properties.<\/p><p><strong>Others<br \/><\/strong>It is not possible to admit young people under the age of 18 who are not accompanied by a parent or guardian, not even with the written permission of the authorized person. We reserve the right to refuse admission without stating reasons or to issue bans. We reserve the right to make updates, changes or additions to the units or court numbers. Individual areas of the pitch are monitored by camera or can be viewed online via our webcam.<\/p><p>Price changes possible and without guarantee.<\/p>\t\t\t\t\t\t<\/div>\n\t\t\t\t<\/div>\n\t\t\t\t<div class=\"elementor-element elementor-element-57d1fe83 no-margin elementor-widget-divider--separator-type-pattern elementor-widget-divider--view-line elementor-widget elementor-widget-divider\" data-id=\"57d1fe83\" data-element_type=\"widget\" data-widget_type=\"divider.default\">\n\t\t\t\t<div class=\"elementor-widget-container\">\n\t\t\t<style>\/*! elementor - v3.6.2 - 04-04-2022 *\/\n.elementor-widget-divider{--divider-border-style:none;--divider-border-width:1px;--divider-color:#2c2c2c;--divider-icon-size:20px;--divider-element-spacing:10px;--divider-pattern-height:24px;--divider-pattern-size:20px;--divider-pattern-url:none;--divider-pattern-repeat:repeat-x}.elementor-widget-divider .elementor-divider{display:-webkit-box;display:-ms-flexbox;display:flex}.elementor-widget-divider .elementor-divider__text{font-size:15px;line-height:1;max-width:95%}.elementor-widget-divider .elementor-divider__element{margin:0 var(--divider-element-spacing);-ms-flex-negative:0;flex-shrink:0}.elementor-widget-divider .elementor-icon{font-size:var(--divider-icon-size)}.elementor-widget-divider .elementor-divider-separator{display:-webkit-box;display:-ms-flexbox;display:flex;margin:0;direction:ltr}.elementor-widget-divider--view-line_icon .elementor-divider-separator,.elementor-widget-divider--view-line_text .elementor-divider-separator{-webkit-box-align:center;-ms-flex-align:center;align-items:center}.elementor-widget-divider--view-line_icon .elementor-divider-separator:after,.elementor-widget-divider--view-line_icon .elementor-divider-separator:before,.elementor-widget-divider--view-line_text .elementor-divider-separator:after,.elementor-widget-divider--view-line_text .elementor-divider-separator:before{display:block;content:\"\";border-bottom:0;-webkit-box-flex:1;-ms-flex-positive:1;flex-grow:1;border-top:var(--divider-border-width) var(--divider-border-style) var(--divider-color)}.elementor-widget-divider--element-align-left .elementor-divider .elementor-divider-separator>.elementor-divider__svg:first-of-type{-webkit-box-flex:0;-ms-flex-positive:0;flex-grow:0;-ms-flex-negative:100;flex-shrink:100}.elementor-widget-divider--element-align-left .elementor-divider-separator:before{content:none}.elementor-widget-divider--element-align-left .elementor-divider__element{margin-left:0}.elementor-widget-divider--element-align-right .elementor-divider .elementor-divider-separator>.elementor-divider__svg:last-of-type{-webkit-box-flex:0;-ms-flex-positive:0;flex-grow:0;-ms-flex-negative:100;flex-shrink:100}.elementor-widget-divider--element-align-right .elementor-divider-separator:after{content:none}.elementor-widget-divider--element-align-right .elementor-divider__element{margin-right:0}.elementor-widget-divider:not(.elementor-widget-divider--view-line_text):not(.elementor-widget-divider--view-line_icon) .elementor-divider-separator{border-top:var(--divider-border-width) var(--divider-border-style) var(--divider-color)}.elementor-widget-divider--separator-type-pattern{--divider-border-style:none}.elementor-widget-divider--separator-type-pattern.elementor-widget-divider--view-line .elementor-divider-separator,.elementor-widget-divider--separator-type-pattern:not(.elementor-widget-divider--view-line) .elementor-divider-separator:after,.elementor-widget-divider--separator-type-pattern:not(.elementor-widget-divider--view-line) .elementor-divider-separator:before,.elementor-widget-divider--separator-type-pattern:not([class*=elementor-widget-divider--view]) .elementor-divider-separator{width:100%;min-height:var(--divider-pattern-height);-webkit-mask-size:var(--divider-pattern-size) 100%;mask-size:var(--divider-pattern-size) 100%;-webkit-mask-repeat:var(--divider-pattern-repeat);mask-repeat:var(--divider-pattern-repeat);background-color:var(--divider-color);-webkit-mask-image:var(--divider-pattern-url);mask-image:var(--divider-pattern-url)}.elementor-widget-divider--no-spacing{--divider-pattern-size:auto}.elementor-widget-divider--bg-round{--divider-pattern-repeat:round}.rtl .elementor-widget-divider .elementor-divider__text{direction:rtl}<\/style>\t\t<div class=\"elementor-divider\" style=\"--divider-pattern-url: url(&quot;data:image\/svg+xml,%3Csvg xmlns=&#039;http:\/\/www.w3.org\/2000\/svg&#039; preserveAspectRatio=&#039;none&#039; overflow=&#039;visible&#039; height=&#039;100%&#039; viewBox=&#039;0 0 24 24&#039; fill=&#039;none&#039; stroke=&#039;black&#039; stroke-width=&#039;1&#039; stroke-linecap=&#039;square&#039; stroke-miterlimit=&#039;10&#039;%3E%3Cpolyline points=&#039;0,18 12,6 24,18 &#039;\/%3E%3C\/svg%3E&quot;);\">\n\t\t\t<span class=\"elementor-divider-separator\">\n\t\t\t\t\t\t<\/span>\n\t\t<\/div>\n\t\t\t\t<\/div>\n\t\t\t\t<\/div>\n\t\t\t\t\t<\/div>\n\t\t<\/div>\n\t\t\t\t\t\t\t<\/div>\n\t\t<\/section>\n\t\t\t\t\t\t\t<\/div>","protected":false},"excerpt":{"rendered":"<p>Reservierungsbedingungen RESERVIERUNGSBEDINGUNGEN F\u00dcR STELLPL\u00c4TZE ReservierungDie Mindestbuchung betr\u00e4gt 2 N\u00e4chte. 3 \u00dcbernachtungen an Ostern, Pfingsten und Fronleichnam. 5 \u00dcbernachtungen in unserer Sommersaison sowie Weihnachten bis 07.01.Reservierungen sind nur schriftlich m\u00f6glich. Reservierungen, die von der Platzverwaltung best\u00e4tigt wurden, sind f\u00fcr beide Seiten verbindlich und f\u00fcr den gebuchten Zeitraum g\u00fcltig. Wir behalten uns das Recht vor, zugeteilte Platznummern [&hellip;]<\/p>","protected":false},"author":1,"featured_media":0,"parent":0,"menu_order":0,"comment_status":"closed","ping_status":"closed","template":"","meta":{"footnotes":""},"class_list":["post-1432","page","type-page","status-publish","hentry","entry"],"yoast_head":"<!-- This site is optimized with the Yoast SEO plugin v19.14 - https:\/\/yoast.com\/wordpress\/plugins\/seo\/ -->\n<title>Reservierungsbedingungen - Camping Bankenhof<\/title>\n<meta name=\"description\" content=\"Urlaub auf dem Campingplatz Bankenhof in Hinterzarten am Titisee. Ein Urlaubsparadies im Schwarzwald f\u00fcr die ganze Familie.\" \/>\n<meta name=\"robots\" content=\"index, follow, max-snippet:-1, max-image-preview:large, max-video-preview:-1\" \/>\n<link rel=\"canonical\" href=\"https:\/\/www.camping-bankenhof.de\/en\/reservierungsbedingungen\/\" \/>\n<meta property=\"og:locale\" content=\"en_US\" \/>\n<meta property=\"og:type\" content=\"article\" \/>\n<meta property=\"og:title\" content=\"Reservierungsbedingungen - Camping Bankenhof\" \/>\n<meta property=\"og:description\" content=\"Urlaub auf dem Campingplatz Bankenhof in Hinterzarten am Titisee. Ein Urlaubsparadies im Schwarzwald f\u00fcr die ganze Familie.\" \/>\n<meta property=\"og:url\" content=\"https:\/\/www.camping-bankenhof.de\/en\/reservierungsbedingungen\/\" \/>\n<meta property=\"og:site_name\" content=\"Camping Bankenhof\" \/>\n<meta property=\"article:modified_time\" content=\"2026-04-03T07:20:20+00:00\" \/>\n<meta name=\"twitter:card\" content=\"summary_large_image\" \/>\n<meta name=\"twitter:label1\" content=\"Est. reading time\" \/>\n\t<meta name=\"twitter:data1\" content=\"5 minutes\" \/>\n<script type=\"application\/ld+json\" class=\"yoast-schema-graph\">{\"@context\":\"https:\/\/schema.org\",\"@graph\":[{\"@type\":\"WebPage\",\"@id\":\"https:\/\/www.camping-bankenhof.de\/reservierungsbedingungen\/\",\"url\":\"https:\/\/www.camping-bankenhof.de\/reservierungsbedingungen\/\",\"name\":\"Reservierungsbedingungen - Camping Bankenhof\",\"isPartOf\":{\"@id\":\"https:\/\/www.camping-bankenhof.de\/#website\"},\"datePublished\":\"2022-04-19T09:46:52+00:00\",\"dateModified\":\"2026-04-03T07:20:20+00:00\",\"description\":\"Urlaub auf dem Campingplatz Bankenhof in Hinterzarten am Titisee. Ein Urlaubsparadies im Schwarzwald f\u00fcr die ganze Familie.\",\"breadcrumb\":{\"@id\":\"https:\/\/www.camping-bankenhof.de\/reservierungsbedingungen\/#breadcrumb\"},\"inLanguage\":\"en-US\",\"potentialAction\":[{\"@type\":\"ReadAction\",\"target\":[\"https:\/\/www.camping-bankenhof.de\/reservierungsbedingungen\/\"]}]},{\"@type\":\"BreadcrumbList\",\"@id\":\"https:\/\/www.camping-bankenhof.de\/reservierungsbedingungen\/#breadcrumb\",\"itemListElement\":[{\"@type\":\"ListItem\",\"position\":1,\"name\":\"Startseite\",\"item\":\"https:\/\/www.camping-bankenhof.de\/\"},{\"@type\":\"ListItem\",\"position\":2,\"name\":\"Reservierungsbedingungen\"}]},{\"@type\":\"WebSite\",\"@id\":\"https:\/\/www.camping-bankenhof.de\/#website\",\"url\":\"https:\/\/www.camping-bankenhof.de\/\",\"name\":\"Camping Bankenhof\",\"description\":\"Campingurlaub in Hinterzarten am Titisee\",\"publisher\":{\"@id\":\"https:\/\/www.camping-bankenhof.de\/#organization\"},\"potentialAction\":[{\"@type\":\"SearchAction\",\"target\":{\"@type\":\"EntryPoint\",\"urlTemplate\":\"https:\/\/www.camping-bankenhof.de\/?s={search_term_string}\"},\"query-input\":\"required name=search_term_string\"}],\"inLanguage\":\"en-US\"},{\"@type\":\"Organization\",\"@id\":\"https:\/\/www.camping-bankenhof.de\/#organization\",\"name\":\"Camping Bankenhof GmbH\",\"url\":\"https:\/\/www.camping-bankenhof.de\/\",\"logo\":{\"@type\":\"ImageObject\",\"inLanguage\":\"en-US\",\"@id\":\"https:\/\/www.camping-bankenhof.de\/#\/schema\/logo\/image\/\",\"url\":\"https:\/\/www.camping-bankenhof.de\/wp-content\/uploads\/2022\/04\/cropped-camping-bankenhof-logo.png\",\"contentUrl\":\"https:\/\/www.camping-bankenhof.de\/wp-content\/uploads\/2022\/04\/cropped-camping-bankenhof-logo.png\",\"width\":188,\"height\":85,\"caption\":\"Camping Bankenhof GmbH\"},\"image\":{\"@id\":\"https:\/\/www.camping-bankenhof.de\/#\/schema\/logo\/image\/\"}}]}<\/script>\n<!-- \/ Yoast SEO plugin. -->","yoast_head_json":{"title":"Reservierungsbedingungen - Camping Bankenhof","description":"Urlaub auf dem Campingplatz Bankenhof in Hinterzarten am Titisee. Ein Urlaubsparadies im Schwarzwald f\u00fcr die ganze Familie.","robots":{"index":"index","follow":"follow","max-snippet":"max-snippet:-1","max-image-preview":"max-image-preview:large","max-video-preview":"max-video-preview:-1"},"canonical":"https:\/\/www.camping-bankenhof.de\/en\/reservierungsbedingungen\/","og_locale":"en_US","og_type":"article","og_title":"Reservierungsbedingungen - Camping Bankenhof","og_description":"Urlaub auf dem Campingplatz Bankenhof in Hinterzarten am Titisee. Ein Urlaubsparadies im Schwarzwald f\u00fcr die ganze Familie.","og_url":"https:\/\/www.camping-bankenhof.de\/en\/reservierungsbedingungen\/","og_site_name":"Camping Bankenhof","article_modified_time":"2026-04-03T07:20:20+00:00","twitter_card":"summary_large_image","twitter_misc":{"Est. reading time":"5 minutes"},"schema":{"@context":"https:\/\/schema.org","@graph":[{"@type":"WebPage","@id":"https:\/\/www.camping-bankenhof.de\/reservierungsbedingungen\/","url":"https:\/\/www.camping-bankenhof.de\/reservierungsbedingungen\/","name":"Reservierungsbedingungen - Camping Bankenhof","isPartOf":{"@id":"https:\/\/www.camping-bankenhof.de\/#website"},"datePublished":"2022-04-19T09:46:52+00:00","dateModified":"2026-04-03T07:20:20+00:00","description":"Urlaub auf dem Campingplatz Bankenhof in Hinterzarten am Titisee. Ein Urlaubsparadies im Schwarzwald f\u00fcr die ganze Familie.","breadcrumb":{"@id":"https:\/\/www.camping-bankenhof.de\/reservierungsbedingungen\/#breadcrumb"},"inLanguage":"en-US","potentialAction":[{"@type":"ReadAction","target":["https:\/\/www.camping-bankenhof.de\/reservierungsbedingungen\/"]}]},{"@type":"BreadcrumbList","@id":"https:\/\/www.camping-bankenhof.de\/reservierungsbedingungen\/#breadcrumb","itemListElement":[{"@type":"ListItem","position":1,"name":"Startseite","item":"https:\/\/www.camping-bankenhof.de\/"},{"@type":"ListItem","position":2,"name":"Reservierungsbedingungen"}]},{"@type":"WebSite","@id":"https:\/\/www.camping-bankenhof.de\/#website","url":"https:\/\/www.camping-bankenhof.de\/","name":"Camping Bankenhof","description":"Campingurlaub in Hinterzarten am Titisee","publisher":{"@id":"https:\/\/www.camping-bankenhof.de\/#organization"},"potentialAction":[{"@type":"SearchAction","target":{"@type":"EntryPoint","urlTemplate":"https:\/\/www.camping-bankenhof.de\/?s={search_term_string}"},"query-input":"required name=search_term_string"}],"inLanguage":"en-US"},{"@type":"Organization","@id":"https:\/\/www.camping-bankenhof.de\/#organization","name":"Camping Bankenhof GmbH","url":"https:\/\/www.camping-bankenhof.de\/","logo":{"@type":"ImageObject","inLanguage":"en-US","@id":"https:\/\/www.camping-bankenhof.de\/#\/schema\/logo\/image\/","url":"https:\/\/www.camping-bankenhof.de\/wp-content\/uploads\/2022\/04\/cropped-camping-bankenhof-logo.png","contentUrl":"https:\/\/www.camping-bankenhof.de\/wp-content\/uploads\/2022\/04\/cropped-camping-bankenhof-logo.png","width":188,"height":85,"caption":"Camping Bankenhof GmbH"},"image":{"@id":"https:\/\/www.camping-bankenhof.de\/#\/schema\/logo\/image\/"}}]}},"_links":{"self":[{"href":"https:\/\/www.camping-bankenhof.de\/en\/wp-json\/wp\/v2\/pages\/1432","targetHints":{"allow":["GET"]}}],"collection":[{"href":"https:\/\/www.camping-bankenhof.de\/en\/wp-json\/wp\/v2\/pages"}],"about":[{"href":"https:\/\/www.camping-bankenhof.de\/en\/wp-json\/wp\/v2\/types\/page"}],"author":[{"embeddable":true,"href":"https:\/\/www.camping-bankenhof.de\/en\/wp-json\/wp\/v2\/users\/1"}],"replies":[{"embeddable":true,"href":"https:\/\/www.camping-bankenhof.de\/en\/wp-json\/wp\/v2\/comments?post=1432"}],"version-history":[{"count":60,"href":"https:\/\/www.camping-bankenhof.de\/en\/wp-json\/wp\/v2\/pages\/1432\/revisions"}],"predecessor-version":[{"id":2377,"href":"https:\/\/www.camping-bankenhof.de\/en\/wp-json\/wp\/v2\/pages\/1432\/revisions\/2377"}],"wp:attachment":[{"href":"https:\/\/www.camping-bankenhof.de\/en\/wp-json\/wp\/v2\/media?parent=1432"}],"curies":[{"name":"wp","href":"https:\/\/api.w.org\/{rel}","templated":true}]}}